{"id":1040,"date":"2017-04-29T14:48:40","date_gmt":"2017-04-29T12:48:40","guid":{"rendered":"http:\/\/www.gaweb.net\/it\/?page_id=1040"},"modified":"2021-12-02T23:01:09","modified_gmt":"2021-12-02T22:01:09","slug":"cookies-policy","status":"publish","type":"page","link":"https:\/\/www.gaweb.net\/it\/cookies-policy\/","title":{"rendered":"COOKIES POLICY"},"content":{"rendered":"<div class=\"spazio\">&nbsp;<\/div>\n<h2 style=\"color:#129db1\">\n    INFORMATIVA PER L&#8217;UTILIZZO DEI DATI PERSONALI<\/p>\n<p>Ai sensi del Regolamento Europeo 2016\/679<\/h2>\n<h2 style=\"color:#129db1\">Cosa sono i cookie?<\/h2>\n<p>I cookie sono piccoli file di testo memorizzati sul computer mentre si visitano determinate pagine Web. Gaweb.net utilizza i cookie per ricordarsi di te solo quando torni sul suo sito e per migliorarne l&#8217;esperienza di navigazione.<\/p>\n<p>Ti ricordiamo che i cookie che utilizziamo non possono danneggiare il computer. Gaweb.net non memorizza informazioni personali quali dettagli della carta di credito nei cookie utilizzati.<\/p>\n<p>Per sfruttare al massimo il contenuto e le funzionalit\u00e0 personalizzate di Gaweb.net, il computer, tablet o telefono cellulare in uso deve accettare i cookie (spesso lo fa per impostazione predefinita), in quanto solo cos\u00ec possiamo fornirti funzionalit\u00e0 personalizzate su questo sito Web.<\/p>\n<h2 style=\"color:#129db1\">Modifica delle impostazioni relative ai cookie o rifiuto<\/h2>\n<p>I nostri cookie non memorizzano informazioni sensibili come nome, indirizzo o dettagli del pagamento. Tuttavia, se preferisci limitare, bloccare o eliminare cookie da Gaweb.net, o qualsiasi altro sito Web, puoi utilizzare il browser. Ogni browser \u00e8 diverso, pertanto controlla il menu Guida del browser in uso (o consulta il manuale dell&#8217;utente del telefono cellulare) per modificare le preferenze relative ai cookie.<\/p>\n<p>Di seguito l&#8217;utente pu\u00f2 trovare, per ciascun browser, le pagine che descrivono le impostazioni in modo pi\u00f9 dettagliato:<\/p>\n<ul id=\"spunta\">\n<li><a href=\"https:\/\/support.google.com\/chrome\/?hl=it&amp;answer=95647#topic=7438008\" target=\"_blank\" rel=\"noopener\">Chrome<\/a><\/li>\n<li><a href=\"https:\/\/support.mozilla.org\/it\/kb\/Gestione%20dei%20cookie?redirectlocale=en-US&amp;redirectslug=Cookies\" target=\"_blank\" rel=\"noopener\">Firefox<\/a><\/li>\n<li><a href=\"http:\/\/windows.microsoft.com\/it-IT\/windows-vista\/Block-or-allow-cookies\" target=\"_blank\" rel=\"noopener\">Internet Explorer 7 en 8<\/a><\/li>\n<li><a href=\"http:\/\/windows.microsoft.com\/it-IT\/windows7\/How-to-manage-cookies-in-Internet-Explorer-9\" target=\"_blank\" rel=\"noopener\">Internet Explorer 9<\/a><\/li>\n<li><a href=\"http:\/\/www.apple.com\/it\/privacy\/use-of-cookies\/\" target=\"_blank\" rel=\"noopener\">Safari<\/a><\/li>\n<li><a href=\"http:\/\/help.opera.com\/Linux\/10.10\/it\/cookies.html\" target=\"_blank\" rel=\"noopener\">Opera<\/a><\/li>\n<\/ul>\n<p>Se l&#8217;utente utilizza pi\u00f9 di un browser (ad esempio, Internet Explorer, Google Chrome, Firefox, ecc.) \u00e8 necessario ripetere la procedura con ciascuno di essi e se utilizza pi\u00f9 dispositivi per collegarsi ad internet (ad esempio, dal lavoro e da casa), \u00e8 necessario impostare le proprie preferenze su ciascun browser di ciascun dispositivo.<\/p>\n<p>Attenzione: la completa disabilitazione dei cookie dal browser potrebbe compromettere la corretta funzionalit\u00e0 di alcune parti del sito Gaweb.net, quali, ad esempio, la normale navigazione tra le pagine del sito o la possibilit\u00e0 di fare acquisti, sino alla perdita delle funzioni di personalizzazione cos\u00ec che l&#8217;offerta di annunci pubblicitari durante la visita del sito potrebbe non essere mirata in base agli interessi dell&#8217;utente.<\/p>\n<h2 style=\"color:#129db1\">Cookie di Flash (denominati anche Local Shared Objects)<\/h2>\n<p>Gaweb.net talvolta visualizza contenuti, utilizzando Adobe Flash Player. Adobe utilizza i cookie Flash (denominati anche Local Shared Objects) per migliorare l&#8217;esperienza dei visitatori. I cookie Flash vengono memorizzati sul dispositivo in modo del tutto analogo agli altri tipi di cookie, ma vengono gestiti diversamente dal browser.<\/p>\n<p>Se desideri disattivare o eliminare un cookie Flash, consulta le impostazioni di sicurezza di Adobe Flash Player. Ti ricordiamo che se disattivi i cookie Flash per Gaweb.net, non potrai pi\u00f9 accedere a determinati tipi di contenuti sul sito, come i video e il ticker delle notizie.<\/p>\n<h2 style=\"color:#129db1\">Strumenti di &#8220;condivisione&#8221; di Gaweb.net<\/h2>\n<p>Se condividi i contenuti di Gaweb.net con gli amici mediante un social network, come Facebook e Twitter, potresti ricevere cookie da questi siti Web. Non abbiamo alcun controllo sull&#8217;impostazione dei cookie di terze parti, pertanto ti suggeriamo di verificare i siti Web di terzi per ulteriori informazioni sui relativi cookie e la loro gestione.<\/p>\n<h2 style=\"color:#129db1\">Collegamenti da Gaweb.net a siti Web di terze parti<\/h2>\n<p>Gaweb.net non \u00e8 responsabile dei cookie utilizzati su qualsiasi sito Web di terzi correlato a o a cui viene fatto riferimento da Gaweb.net.\nPer disabilitare i cookie analitici e impedire a Google Analytics di raccogliere dati sulla tua navigazione, puoi scaricare il componente aggiuntivo del browser per la disattivazione di Google Analytics: <a href=\"https:\/\/tools.google.com\/dlpage\/gaoptout\" target=\"_blank\" rel=\"noopener\">https:\/\/tools.google.com\/dlpage\/gaoptout<\/a>.<\/p>\n<h2 style=\"color:#129db1\">Cookie di terze parti<\/h2>\n<p>Quando visiti una pagina su Gaweb.net con contenuti integrati (ad esempio, da YouTube o Maporama), potresti ricevere cookie da questi siti Web. Non abbiamo alcun controllo sull&#8217;impostazione di questi cookie, pertanto ti suggeriamo di verificare i siti Web di terzi per ulteriori informazioni sui relativi cookie e la loro gestione.<\/p>\n<h2 style=\"color:#129db1\">Ulteriori informazioni sui cookie<\/h2>\n<p>Se desideri ulteriori informazioni sui cookie in genere e sulla loro gestione, visita <a href=\"http:\/\/www.aboutcookies.org\" target=\"_blank\" rel=\"noopener\">http:\/\/www.aboutcookies.org<\/a>. Ti ricordiamo che non siamo responsabili del contenuto dei siti Web esterni.<\/p>\n<h2 style=\"color:#129db1\">Contatti<\/h2>\n<p>Per qualsiasi altra informazione sui cookie e sul loro utilizzo, \u00e8 possibile contattarci via e-mail all&#8217;indirizzo: <a href=\"mailto:privacy@gaweb.net\">privacy@gaweb.net<\/a> o a gruppo Ghezzi &amp; Annoni, con sede legale in Via Caduti Garbagnatesi 14 &#8211; 20024 Garbagnate Milanese &#8211; MI ( Italia ).<\/p>\n<div class=\"spazio\">&nbsp;<\/div>\n<div class=\"spazio\">&nbsp;<\/div>\n","protected":false},"excerpt":{"rendered":"<p>&nbsp; INFORMATIVA PER L&#8217;UTILIZZO DEI DATI PERSONALI Ai sensi del Regolamento Europeo 2016\/679 Cosa sono i cookie? I cookie sono piccoli file di testo memorizzati sul computer mentre si visitano determinate pagine Web. Gaweb.net utilizza i cookie per ricordarsi di te solo quando torni sul suo sito e per migliorarne l&#8217;esperienza di navigazione. Ti ricordiamo che i cookie che utilizziamo non possono danneggiare il computer. Gaweb.net non memorizza informazioni personali quali dettagli della carta di credito nei cookie utilizzati. Per sfruttare al massimo il contenuto e le funzionalit\u00e0 personalizzate di Gaweb.net, il computer, tablet o telefono cellulare in uso deve accettare i cookie (spesso lo fa per impostazione predefinita), in quanto solo cos\u00ec possiamo fornirti funzionalit\u00e0 personalizzate su questo sito Web. Modifica delle impostazioni relative ai cookie o rifiuto I nostri cookie non memorizzano informazioni sensibili come nome, indirizzo o dettagli del pagamento. Tuttavia, se preferisci limitare, bloccare o eliminare cookie da Gaweb.net, o qualsiasi altro sito Web, puoi utilizzare il browser. Ogni browser \u00e8 diverso, pertanto controlla il menu Guida del browser in uso (o consulta il manuale dell&#8217;utente del telefono cellulare) per modificare le preferenze relative ai cookie. Di seguito l&#8217;utente pu\u00f2 trovare, per ciascun browser, le pagine&hellip; <a class=\"read-more-link\" href=\"https:\/\/www.gaweb.net\/it\/cookies-policy\/\">Read More<\/a><\/p>\n","protected":false},"author":1,"featured_media":0,"parent":0,"menu_order":3,"comment_status":"closed","ping_status":"open","template":"","meta":{"_monsterinsights_skip_tracking":false,"_monsterinsights_sitenote_active":false,"_monsterinsights_sitenote_note":"","_monsterinsights_sitenote_category":0},"_links":{"self":[{"href":"https:\/\/www.gaweb.net\/it\/wp-json\/wp\/v2\/pages\/1040"}],"collection":[{"href":"https:\/\/www.gaweb.net\/it\/wp-json\/wp\/v2\/pages"}],"about":[{"href":"https:\/\/www.gaweb.net\/it\/wp-json\/wp\/v2\/types\/page"}],"author":[{"embeddable":true,"href":"https:\/\/www.gaweb.net\/it\/wp-json\/wp\/v2\/users\/1"}],"replies":[{"embeddable":true,"href":"https:\/\/www.gaweb.net\/it\/wp-json\/wp\/v2\/comments?post=1040"}],"version-history":[{"count":11,"href":"https:\/\/www.gaweb.net\/it\/wp-json\/wp\/v2\/pages\/1040\/revisions"}],"predecessor-version":[{"id":1185,"href":"https:\/\/www.gaweb.net\/it\/wp-json\/wp\/v2\/pages\/1040\/revisions\/1185"}],"wp:attachment":[{"href":"https:\/\/www.gaweb.net\/it\/wp-json\/wp\/v2\/media?parent=1040"}],"curies":[{"name":"wp","href":"https:\/\/api.w.org\/{rel}","templated":true}]}}