{"id":1130,"date":"2018-06-08T04:30:47","date_gmt":"2018-06-08T02:30:47","guid":{"rendered":"http:\/\/www.gaweb.net\/it\/?page_id=1130"},"modified":"2021-12-02T23:00:36","modified_gmt":"2021-12-02T22:00:36","slug":"privacy-policy","status":"publish","type":"page","link":"https:\/\/www.gaweb.net\/it\/privacy-policy\/","title":{"rendered":"PRIVACY POLICY"},"content":{"rendered":"<div class=\"spazio\">&nbsp;<\/div>\n<h2 style=\"color:#129db1\">\n    INFORMATIVA PER L&#8217;UTILIZZO DEI DATI PERSONALI<\/p>\n<p>Ai sensi del Regolamento Europeo 2016\/679<\/h2>\n<h2 style=\"color:#129db1\">Titolare e Responsabile<\/h2>\n<p>Titolare del trattamento dei dati personali \u00e8 gruppo Ghezzi &amp; Annoni (di seguito anche G&amp;A), con sede legale in Via Caduti Garbagnatesi 14 &#8211; 20024 Garbagnate Milanese &#8211; MI ( Italia ).<\/p>\n<p>Il Responsabile del trattamento dei dati \u00e8 contattabile via e-mail all&#8217;indirizzo: <a href=\"mailto:privacy@gaweb.net\">privacy@gaweb.net<\/a><\/p>\n<h2 style=\"color:#129db1\">Finalit\u00e0 del trattamento<\/h2>\n<p>I dati sono raccolti e conservati per la gestione e organizzazione delle attivit\u00e0 svolte da G&amp;A e per comunicazioni riguardanti attivit\u00e0 istituzionali da noi progettate e svolte. In particolare:<\/p>\n<ul id=\"spunta\">\n<li>informare su iniziative, attivit\u00e0 e progetti realizzati da o in collaborazione con G&amp;A<\/li>\n<\/ul>\n<p>G&amp;A raccoglie dati personali quali: nome, cognome, telefono, cellulare, indirizzo, e-mail, altre informazioni fornite volontariamente dagli interessati.<\/p>\n<p>G&amp;A garantisce che i trattamenti mediante strumenti elettronici sono effettuati riducendo al minimo l&#8217;utilizzazione di dati personali e di dati identificativi, limitandone il ricorso ai casi in cui sono strettamente necessari per il conseguimento degli scopi per i quali sono stati raccolti.<\/p>\n<h2 style=\"color:#129db1\">Modalit\u00e0 del trattamento<\/h2>\n<p>Tutte le attivit\u00e0 che riguardano i trattamenti vengono eseguite attraverso strumenti di comunicazione tradizionale ed elettronica come: e-mail, newsletter, telefonate, social network.<\/p>\n<p>Il trattamento dei dati conferiti avviene nel rispetto delle norme vigenti, a mezzo di strumenti cartacei ed informatici idonei a tutelare la Vostra sicurezza e riservatezza, nel rispetto delle misure previste dal Regolamento Europeo 2016\/679, e riguardano aspetti organizzativi, tecnici e logistici.<\/p>\n<p>Tale trattamento consiste nella raccolta, registrazione, organizzazione, conservazione, consultazione, elaborazione, estrazione, selezione, raffronto, utilizzo, cancellazione e distruzione dei dati stessi.<\/p>\n<p>Le operazioni di trattamento sopra indicate sono esercitate esclusivamente da G&amp;A con logiche correlate alle finalit\u00e0 per le quali i dati sono stati raccolti, tramite incaricati interni preposti ai vari servizi connessi a quanto sopra.<\/p>\n<p>Il consenso al trattamento dei dati \u00e8 facoltativo, ma in assenza di questo, il titolare non potr\u00e0 gestire la richiesta dell&#8217;interessato di instaurare un rapporto istituzionale (es. iscrizione ai corsi, iscrizione alla newsletter, download pubblicazioni, ecc.).<\/p>\n<p>G&amp;A non fornisce a terzi i suddetti dati personali per scopi pubblicitari, non li vende n\u00e9 li affitta a terzi. Inoltre non ceder\u00e0, a titolo oneroso o gratuito, i dati personali dei propri utenti di siti web a terze parti non autorizzate.<\/p>\n<p>La durata del trattamento \u00e8 funzionale al rapporto con G&amp;A, agli adempimenti amministrativi, contabili e organizzativi. I dati personali sono comunque conservati per un periodo di quindici anni ai fini della tracciabilit\u00e0 del servizio erogato e per disposizioni amministrative interne.<\/p>\n<h2 style=\"color:#129db1\">Chi tratta i dati<\/h2>\n<p>I dati personali saranno accessibili agli organi ed ai dipendenti di G&amp;A, formalmente nominati incaricati.<\/p>\n<p>L&#8217;inoltro a e l&#8217;utilizzo di dati personali da parte di individui esterni ed organizzazioni che agiscono per conto di G&amp;A sono regolati da contratti che prevedono un adeguato livello di protezione dei dati personali. I dati personali degli utenti saranno utilizzati e rilasciati da G&amp;A esclusivamente ad individui ed organizzazioni che lavorano per proprio conto, in conformit\u00e0 con questa Privacy Policy e secondo quanto previsto esplicitamente dalla vigente normativa.<\/p>\n<p>Specificamente, i dati possono essere messi a disposizione di soggetti fornitori terzi, che svolgono attivit\u00e0 di trattamento indispensabili per l&#8217;attivit\u00e0 di G&amp;A, alcuni residenti in paesi esteri.<\/p>\n<p>Questi soggetti terzi agiranno quali autonomi titolari del trattamento, solo ed esclusivamente per soddisfare la richiesta dell&#8217;interessato (es. dati bancari\/carta di credito comunicati agli istituti di credito per pagamenti, anagrafiche comunicate a fornitori terzi per l&#8217;invio della newsletter, inserimento in database), o ai quali la comunicazione dei dati \u00e8 necessaria per ottemperare a norme di legge o regolamenti (adempimenti amministrativi), ovvero per organizzare e coordinare particolari iniziative promosse da G&amp;A.<\/p>\n<p>G&amp;A controlla costantemente le attivit\u00e0 commissionate a questi soggetti terzi, verificando l&#8217;operato e l&#8217;affidabilit\u00e0 in termini di privacy.<\/p>\n<p>Per quanto riguarda il conferimento di dati tramite le proprie pagine presenti sui social network (Facebook, Twitter, ecc\u2026), G&amp;A adotta tutte le misure in suo possesso idonee a garantire il trattamento; tali misure sono comunque condizionate alla natura stessa dello strumento, alla sua fruibilit\u00e0 da parte dell&#8217;utente e alle azioni in termini di privacy intraprese direttamente dal titolare del social network.<\/p>\n<p>G&amp;A non potr\u00e0 essere ritenuta responsabile di informazioni non veritiere inviate direttamente da un interessato (es. dati anagrafici, recapiti postali, indirizzo e-mail), e che potranno eventualmente coinvolgere ignari soggetti terzi. Al verificarsi di tali incidenti, G&amp;A interverr\u00e0 tempestivamente per tutelare la privacy degli interessati coinvolti, riservandosi eventualmente di denunciare tali azioni fraudolente alle autorit\u00e0 preposte.<\/p>\n<h2 style=\"color:#129db1\">Leggi la nostra <a href=\"\/cookies-policy\">Cookies Policy<\/a><\/h2>\n<h2 style=\"color:#129db1\">Diritti degli utenti interessati<\/h2>\n<p>G&amp;A garantisce ad ogni interessato l&#8217;esercizio dei propri diritti sanciti dal Capo III del Regolamento generale sulla protezione dei dati:<\/p>\n<ul id=\"spunta\">\n<li>di accesso ai dati personali anche per conoscere la logica e le finalit\u00e0 su cui si basa il trattamento con strumenti elettronici<\/li>\n<li>di ottenere l&#8217;aggiornamento, la rettifica o la cancellazione degli stessi o la limitazione del trattamento<\/li>\n<li>di ottenere la trasformazione dei dati in forma anonima o il blocco degli stessi<\/li>\n<li>di opporsi al trattamento<\/li>\n<li>di opporsi alla portabilit\u00e0 dei dati<\/li>\n<li>di revocare il consenso, ove previsto: la revoca del consenso non pregiudica la liceit\u00e0 del trattamento basata sul consenso conferito prima della revoca<\/li>\n<li>di proporre reclamo all&#8217;autorit\u00e0 di controllo (Garante Privacy)<\/li>\n<\/ul>\n<p>I soggetti cui si riferiscono i dati personali potranno esercitare i relativi diritti rivolgendosi al titolare al suddetto indirizzo o via e-mail all&#8217;indirizzo: <a href=\"mailto:privacy@gaweb.net\">privacy@gaweb.net<\/a> o a gruppo Ghezzi &amp; Annoni, con sede legale in Via Caduti Garbagnatesi 14 &#8211; 20024 Garbagnate Milanese &#8211; MI ( Italia ).<\/p>\n<div class=\"spazio\">&nbsp;<\/div>\n<div class=\"spazio\">&nbsp;<\/div>\n","protected":false},"excerpt":{"rendered":"<p>&nbsp; INFORMATIVA PER L&#8217;UTILIZZO DEI DATI PERSONALI Ai sensi del Regolamento Europeo 2016\/679 Titolare e Responsabile Titolare del trattamento dei dati personali \u00e8 gruppo Ghezzi &amp; Annoni (di seguito anche G&amp;A), con sede legale in Via Caduti Garbagnatesi 14 &#8211; 20024 Garbagnate Milanese &#8211; MI ( Italia ). Il Responsabile del trattamento dei dati \u00e8 contattabile via e-mail all&#8217;indirizzo: privacy@gaweb.net Finalit\u00e0 del trattamento I dati sono raccolti e conservati per la gestione e organizzazione delle attivit\u00e0 svolte da G&amp;A e per comunicazioni riguardanti attivit\u00e0 istituzionali da noi progettate e svolte. In particolare: informare su iniziative, attivit\u00e0 e progetti realizzati da o in collaborazione con G&amp;A G&amp;A raccoglie dati personali quali: nome, cognome, telefono, cellulare, indirizzo, e-mail, altre informazioni fornite volontariamente dagli interessati. G&amp;A garantisce che i trattamenti mediante strumenti elettronici sono effettuati riducendo al minimo l&#8217;utilizzazione di dati personali e di dati identificativi, limitandone il ricorso ai casi in cui sono strettamente necessari per il conseguimento degli scopi per i quali sono stati raccolti. Modalit\u00e0 del trattamento Tutte le attivit\u00e0 che riguardano i trattamenti vengono eseguite attraverso strumenti di comunicazione tradizionale ed elettronica come: e-mail, newsletter, telefonate, social network. Il trattamento dei dati conferiti avviene nel rispetto delle norme vigenti,&hellip; <a class=\"read-more-link\" href=\"https:\/\/www.gaweb.net\/it\/privacy-policy\/\">Read More<\/a><\/p>\n","protected":false},"author":1,"featured_media":0,"parent":0,"menu_order":2,"comment_status":"closed","ping_status":"closed","template":"","meta":{"_monsterinsights_skip_tracking":false,"_monsterinsights_sitenote_active":false,"_monsterinsights_sitenote_note":"","_monsterinsights_sitenote_category":0},"_links":{"self":[{"href":"https:\/\/www.gaweb.net\/it\/wp-json\/wp\/v2\/pages\/1130"}],"collection":[{"href":"https:\/\/www.gaweb.net\/it\/wp-json\/wp\/v2\/pages"}],"about":[{"href":"https:\/\/www.gaweb.net\/it\/wp-json\/wp\/v2\/types\/page"}],"author":[{"embeddable":true,"href":"https:\/\/www.gaweb.net\/it\/wp-json\/wp\/v2\/users\/1"}],"replies":[{"embeddable":true,"href":"https:\/\/www.gaweb.net\/it\/wp-json\/wp\/v2\/comments?post=1130"}],"version-history":[{"count":4,"href":"https:\/\/www.gaweb.net\/it\/wp-json\/wp\/v2\/pages\/1130\/revisions"}],"predecessor-version":[{"id":1184,"href":"https:\/\/www.gaweb.net\/it\/wp-json\/wp\/v2\/pages\/1130\/revisions\/1184"}],"wp:attachment":[{"href":"https:\/\/www.gaweb.net\/it\/wp-json\/wp\/v2\/media?parent=1130"}],"curies":[{"name":"wp","href":"https:\/\/api.w.org\/{rel}","templated":true}]}}